{"id":638,"date":"2022-04-08T17:55:56","date_gmt":"2022-04-08T15:55:56","guid":{"rendered":"https:\/\/www.lfluanda.net\/demande-de-rendez-vous\/"},"modified":"2022-04-08T17:55:56","modified_gmt":"2022-04-08T15:55:56","slug":"demande-de-rendez-vous","status":"publish","type":"page","link":"https:\/\/www.lfluanda.net\/pt-pt\/demande-de-rendez-vous\/","title":{"rendered":"Demande de rendez-vous de r\u00e9inscription"},"content":{"rendered":"","protected":false},"excerpt":{"rendered":"","protected":false},"author":1,"featured_media":0,"parent":0,"menu_order":0,"comment_status":"closed","ping_status":"closed","template":"","meta":{"inline_featured_image":false,"footnotes":""},"class_list":["post-638","page","type-page","status-publish","hentry"],"yoast_head":"<!-- This site is optimized with the Yoast SEO plugin v27.5 - https:\/\/yoast.com\/product\/yoast-seo-wordpress\/ -->\n<title>Demande de rendez-vous de r\u00e9inscription - Lyc\u00e9e Fran\u00e7ais Luanda<\/title>\n<meta name=\"robots\" content=\"index, follow, max-snippet:-1, max-image-preview:large, max-video-preview:-1\" \/>\n<link rel=\"canonical\" href=\"https:\/\/www.lfluanda.net\/pt-pt\/demande-de-rendez-vous\/\" \/>\n<meta property=\"og:locale\" content=\"pt_PT\" \/>\n<meta property=\"og:type\" content=\"article\" \/>\n<meta property=\"og:title\" content=\"Demande de rendez-vous de r\u00e9inscription - Lyc\u00e9e Fran\u00e7ais Luanda\" \/>\n<meta property=\"og:url\" content=\"https:\/\/www.lfluanda.net\/pt-pt\/demande-de-rendez-vous\/\" \/>\n<meta property=\"og:site_name\" content=\"Lyc\u00e9e Fran\u00e7ais Luanda\" \/>\n<meta name=\"twitter:card\" content=\"summary_large_image\" \/>\n<script type=\"application\/ld+json\" class=\"yoast-schema-graph\">{\"@context\":\"https:\\\/\\\/schema.org\",\"@graph\":[{\"@type\":\"WebPage\",\"@id\":\"https:\\\/\\\/www.lfluanda.net\\\/pt-pt\\\/demande-de-rendez-vous\\\/\",\"url\":\"https:\\\/\\\/www.lfluanda.net\\\/pt-pt\\\/demande-de-rendez-vous\\\/\",\"name\":\"Demande de rendez-vous de r\u00e9inscription - Lyc\u00e9e Fran\u00e7ais Luanda\",\"isPartOf\":{\"@id\":\"https:\\\/\\\/www.lfluanda.net\\\/#website\"},\"datePublished\":\"2022-04-08T15:55:56+00:00\",\"breadcrumb\":{\"@id\":\"https:\\\/\\\/www.lfluanda.net\\\/pt-pt\\\/demande-de-rendez-vous\\\/#breadcrumb\"},\"inLanguage\":\"pt-PT\",\"potentialAction\":[{\"@type\":\"ReadAction\",\"target\":[\"https:\\\/\\\/www.lfluanda.net\\\/pt-pt\\\/demande-de-rendez-vous\\\/\"]}]},{\"@type\":\"BreadcrumbList\",\"@id\":\"https:\\\/\\\/www.lfluanda.net\\\/pt-pt\\\/demande-de-rendez-vous\\\/#breadcrumb\",\"itemListElement\":[{\"@type\":\"ListItem\",\"position\":1,\"name\":\"Accueil\",\"item\":\"https:\\\/\\\/www.lfluanda.net\\\/pt-pt\\\/\"},{\"@type\":\"ListItem\",\"position\":2,\"name\":\"Demande de rendez-vous de r\u00e9inscription\"}]},{\"@type\":\"WebSite\",\"@id\":\"https:\\\/\\\/www.lfluanda.net\\\/#website\",\"url\":\"https:\\\/\\\/www.lfluanda.net\\\/\",\"name\":\"Lyc\u00e9e Fran\u00e7ais Luanda\",\"description\":\"Lyc\u00e9e Fran\u00e7ais \u00e0 Luanda, Angola\",\"potentialAction\":[{\"@type\":\"SearchAction\",\"target\":{\"@type\":\"EntryPoint\",\"urlTemplate\":\"https:\\\/\\\/www.lfluanda.net\\\/?s={search_term_string}\"},\"query-input\":{\"@type\":\"PropertyValueSpecification\",\"valueRequired\":true,\"valueName\":\"search_term_string\"}}],\"inLanguage\":\"pt-PT\"}]}<\/script>\n<!-- \/ Yoast SEO plugin. -->","yoast_head_json":{"title":"Demande de rendez-vous de r\u00e9inscription - Lyc\u00e9e Fran\u00e7ais Luanda","robots":{"index":"index","follow":"follow","max-snippet":"max-snippet:-1","max-image-preview":"max-image-preview:large","max-video-preview":"max-video-preview:-1"},"canonical":"https:\/\/www.lfluanda.net\/pt-pt\/demande-de-rendez-vous\/","og_locale":"pt_PT","og_type":"article","og_title":"Demande de rendez-vous de r\u00e9inscription - Lyc\u00e9e Fran\u00e7ais Luanda","og_url":"https:\/\/www.lfluanda.net\/pt-pt\/demande-de-rendez-vous\/","og_site_name":"Lyc\u00e9e Fran\u00e7ais Luanda","twitter_card":"summary_large_image","schema":{"@context":"https:\/\/schema.org","@graph":[{"@type":"WebPage","@id":"https:\/\/www.lfluanda.net\/pt-pt\/demande-de-rendez-vous\/","url":"https:\/\/www.lfluanda.net\/pt-pt\/demande-de-rendez-vous\/","name":"Demande de rendez-vous de r\u00e9inscription - Lyc\u00e9e Fran\u00e7ais Luanda","isPartOf":{"@id":"https:\/\/www.lfluanda.net\/#website"},"datePublished":"2022-04-08T15:55:56+00:00","breadcrumb":{"@id":"https:\/\/www.lfluanda.net\/pt-pt\/demande-de-rendez-vous\/#breadcrumb"},"inLanguage":"pt-PT","potentialAction":[{"@type":"ReadAction","target":["https:\/\/www.lfluanda.net\/pt-pt\/demande-de-rendez-vous\/"]}]},{"@type":"BreadcrumbList","@id":"https:\/\/www.lfluanda.net\/pt-pt\/demande-de-rendez-vous\/#breadcrumb","itemListElement":[{"@type":"ListItem","position":1,"name":"Accueil","item":"https:\/\/www.lfluanda.net\/pt-pt\/"},{"@type":"ListItem","position":2,"name":"Demande de rendez-vous de r\u00e9inscription"}]},{"@type":"WebSite","@id":"https:\/\/www.lfluanda.net\/#website","url":"https:\/\/www.lfluanda.net\/","name":"Lyc\u00e9e Fran\u00e7ais Luanda","description":"Lyc\u00e9e Fran\u00e7ais \u00e0 Luanda, Angola","potentialAction":[{"@type":"SearchAction","target":{"@type":"EntryPoint","urlTemplate":"https:\/\/www.lfluanda.net\/?s={search_term_string}"},"query-input":{"@type":"PropertyValueSpecification","valueRequired":true,"valueName":"search_term_string"}}],"inLanguage":"pt-PT"}]}},"_links":{"self":[{"href":"https:\/\/www.lfluanda.net\/pt-pt\/wp-json\/wp\/v2\/pages\/638","targetHints":{"allow":["GET"]}}],"collection":[{"href":"https:\/\/www.lfluanda.net\/pt-pt\/wp-json\/wp\/v2\/pages"}],"about":[{"href":"https:\/\/www.lfluanda.net\/pt-pt\/wp-json\/wp\/v2\/types\/page"}],"author":[{"embeddable":true,"href":"https:\/\/www.lfluanda.net\/pt-pt\/wp-json\/wp\/v2\/users\/1"}],"replies":[{"embeddable":true,"href":"https:\/\/www.lfluanda.net\/pt-pt\/wp-json\/wp\/v2\/comments?post=638"}],"version-history":[{"count":0,"href":"https:\/\/www.lfluanda.net\/pt-pt\/wp-json\/wp\/v2\/pages\/638\/revisions"}],"wp:attachment":[{"href":"https:\/\/www.lfluanda.net\/pt-pt\/wp-json\/wp\/v2\/media?parent=638"}],"curies":[{"name":"wp","href":"https:\/\/api.w.org\/{rel}","templated":true}]}}